{"id":1387,"date":"2018-10-04T16:15:21","date_gmt":"2018-10-04T20:15:21","guid":{"rendered":"https:\/\/napkin-marketing.com\/dev\/Pharmeng\/careers\/"},"modified":"2019-07-05T14:20:15","modified_gmt":"2019-07-05T18:20:15","slug":"careers","status":"publish","type":"page","link":"https:\/\/pharmeng.com\/live\/es\/careers\/","title":{"rendered":"Oportunidades Profesionales"},"content":{"rendered":"<p><\/p>\n<!--themify_builder_content-->\n<div id=\"themify_builder_content-1387\" data-postid=\"1387\" class=\"themify_builder_content themify_builder_content-1387 themify_builder tf_clear\">\n                    <div  data-css_id=\"e8a70ce\" data-lazy=\"1\" class=\"module_row themify_builder_row fullwidth_row_container tb_e8a70ce tb_first tf_w\">\n                        <div class=\"row_inner gutter-narrow col_align_top tb_col_count_2 tf_box tf_rel\">\n                        <div  data-lazy=\"1\" class=\"module_column tb-column col4-2 tb_4224b83 first\">\n                    <!-- module text -->\n<div  class=\"module module-text tb_43b02ac  repeat \" data-lazy=\"1\">\n        <div  class=\"tb_text_wrap\">\n        <h4><strong>Unirte al Equipo de PharmEng te proporcionar\u00e1 una enorme cantidad de experiencias y oportunidades.<\/strong><\/h4>\n<\/p>\n<p>PharmEng Technology se esfuerza por crear un entorno de trabajo en el que nuestros asesores puedan desarrollarse. Contamos con un equipo de profesionales altamente cualificados a los que apoyamos continuamente a trav\u00e9s de formaci\u00f3n continua y de oportunidades de desarrollo.<\/p>\n<p>Ofrecemos una excelente oportunidad de crecimiento y desarrollo profesional, y una cultura que se apoya en el trabajo en equipo y en una comunicaci\u00f3n abierta. En PharmEng Technology tendr\u00e1s la oportunidad de aprender y colaborar con los profesionales y l\u00edderes en innovaci\u00f3n de m\u00e1s talento de la industria. Favorecemos el crecimiento de nuestros empleados anim\u00e1ndoles a centrarse en hacer lo que les gusta y lo que mejor se les da. Adem\u00e1s, ofrecemos programas de reembolso para los que deseen desarrollarse profesionalmente.<\/p>\n<p>Con varios proyectos en marcha en todo el mundo, nuestros asesores a veces tienen que viajar. Conocen gente, visitan lugares nuevos y se benefician de la preciosa experiencia de trabajar en un entorno diferente.<\/p>\n<p>Valoramos mucho a nuestros trabajadores y ofrecemos salarios y beneficios competitivos. Nuestro paquete de beneficios est\u00e1 gestionado por un proveedor norteamericano l\u00edder en la industria, e incluye cobertura sanitaria, dental, de vida y de invalidez.<\/p>\n    <\/div>\n<\/div>\n<!-- \/module text -->        <\/div>\n                    <div  data-lazy=\"1\" class=\"module_column tb-column col4-2 tb_ecd4270 last\">\n                    <!-- module image -->\n<div  class=\"module module-image tb_b0597bc image-center drop-shadow  auto_fullwidth tf_mw wow\" data-tf-animation=\"fadeInRight\" data-lazy=\"1\">\n        <div class=\"image-wrap tf_rel tf_mw\">\n            <img loading=\"lazy\" decoding=\"async\" src=\"https:\/\/pharmeng.com\/wp-content\/uploads\/2018\/12\/colleagues-meeting-in-conference-room-with-glass-doors-picture-id187345650.jpg\" width=\"691\" height=\"892\" title=\"Oportunidades Profesionales\" alt=\"Oportunidades Profesionales\">    \n        <\/div>\n    <!-- \/image-wrap -->\n    \n        <\/div>\n<!-- \/module image -->        <\/div>\n                        <\/div>\n        <\/div>\n                        <div  data-lazy=\"1\" class=\"module_row themify_builder_row tb_92757e7 tf_w\">\n                        <div class=\"row_inner col_align_top tb_col_count_1 tf_box tf_rel\">\n                        <div  data-lazy=\"1\" class=\"module_column tb-column col-full tb_f224822 first\">\n                            <div  data-lazy=\"1\" class=\"module_subrow themify_builder_sub_row tf_w col_align_top tb_col_count_3 tb_576cd89\">\n                <div  data-lazy=\"1\" class=\"module_column sub_column col3-1 tb_1e78c32 first\">\n                            <\/div>\n                    <div  data-lazy=\"1\" class=\"module_column sub_column col3-1 tb_6991b64\">\n                    <!-- module text -->\n<div  class=\"module module-text tb_1519565  repeat \" data-lazy=\"1\">\n        <div  class=\"tb_text_wrap\">\n        <p class=\\\"btn-de main-btn\\\" style=\\\"text-align: center;\\\"><a style=\\\"text-decoration: none;\\\" href=\\\"http:\/\/careers.pharmeng.com\/\\\">Descubre nuestras oportunidades laborales actuales<\/a><\/p>\n    <\/div>\n<\/div>\n<!-- \/module text -->        <\/div>\n                    <div  data-lazy=\"1\" class=\"module_column sub_column col3-1 tb_cc31617 last\">\n                            <\/div>\n                    <\/div>\n                <div  data-lazy=\"1\" class=\"module_subrow themify_builder_sub_row tf_w col_align_top tb_col_count_1 tb_f3c40f9\">\n                <div  data-lazy=\"1\" class=\"module_column sub_column col-full tb_11748b7 first\">\n                            <\/div>\n                    <\/div>\n                <\/div>\n                        <\/div>\n        <\/div>\n                        <div  data-lazy=\"1\" class=\"module_row themify_builder_row tb_c80i403 tf_w hide-desktop\">\n                        <div class=\"row_inner col_align_top tb_col_count_1 tf_box tf_rel\">\n                        <div  data-lazy=\"1\" class=\"module_column tb-column col-full tb_1c2d017 first\">\n                            <\/div>\n                        <\/div>\n        <\/div>\n        <\/div>\n<!--\/themify_builder_content-->\n\n<p><\/p>\n<p>&nbsp;<\/p>","protected":false},"excerpt":{"rendered":"<p>&nbsp; Unirte al Equipo de PharmEng te proporcionar\u00e1 una enorme cantidad de experiencias y oportunidades. PharmEng Technology se esfuerza por crear un entorno de trabajo en el que nuestros asesores puedan desarrollarse. Contamos con un equipo de profesionales altamente cualificados a los que apoyamos continuamente a trav\u00e9s de formaci\u00f3n continua y de oportunidades de desarrollo.[&#8230;..] [&#8230;]<\/p>\n<p><a class=\"btn btn-secondary understrap-read-more-link\" href=\"https:\/\/pharmeng.com\/live\/es\/careers\/\">Leer m\u00e1s&#8230;<\/a><\/p>\n","protected":false},"author":1,"featured_media":1389,"parent":0,"menu_order":0,"comment_status":"closed","ping_status":"closed","template":"page-templates\/empty.php","meta":{"_acf_changed":false,"footnotes":""},"class_list":["post-1387","page","type-page","status-publish","has-post-thumbnail","hentry"],"acf":[],"yoast_head":"<!-- This site is optimized with the Yoast SEO plugin v24.2 - https:\/\/yoast.com\/wordpress\/plugins\/seo\/ -->\n<title>\u00danete al equipo de PharmEng | PharmEng Technology<\/title>\n<meta name=\"description\" content=\"We invite you to explore career opportunities at PharmEng Technology if you possess the scientific and\/or engineering skills coupled with the ability to create and communicate innovative and cost-effective solutions.\" \/>\n<meta name=\"robots\" content=\"index, follow, max-snippet:-1, max-image-preview:large, max-video-preview:-1\" \/>\n<link rel=\"canonical\" href=\"https:\/\/pharmeng.com\/live\/es\/careers\/\" \/>\n<meta property=\"og:locale\" content=\"es_ES\" \/>\n<meta property=\"og:type\" content=\"article\" \/>\n<meta property=\"og:title\" content=\"\u00danete al equipo de PharmEng | PharmEng Technology\" \/>\n<meta property=\"og:description\" content=\"We invite you to explore career opportunities at PharmEng Technology if you possess the scientific and\/or engineering skills coupled with the ability to create and communicate innovative and cost-effective solutions.\" \/>\n<meta property=\"og:url\" content=\"https:\/\/pharmeng.com\/live\/es\/careers\/\" \/>\n<meta property=\"og:site_name\" content=\"PharmEng Technology\" \/>\n<meta property=\"article:modified_time\" content=\"2019-07-05T18:20:15+00:00\" \/>\n<meta property=\"og:image\" content=\"https:\/\/pharmeng.com\/live\/wp-content\/uploads\/2018\/12\/chairman-awaiting-this-weeks-potential-business-plans-picture-id820870976.jpg\" \/>\n\t<meta property=\"og:image:width\" content=\"1920\" \/>\n\t<meta property=\"og:image:height\" content=\"390\" \/>\n\t<meta property=\"og:image:type\" content=\"image\/jpeg\" \/>\n<meta name=\"twitter:card\" content=\"summary_large_image\" \/>\n<meta name=\"twitter:label1\" content=\"Tiempo de lectura\" \/>\n\t<meta name=\"twitter:data1\" content=\"1 minuto\" \/>\n<script type=\"application\/ld+json\" class=\"yoast-schema-graph\">{\"@context\":\"https:\/\/schema.org\",\"@graph\":[{\"@type\":\"WebPage\",\"@id\":\"https:\/\/pharmeng.com\/live\/es\/careers\/\",\"url\":\"https:\/\/pharmeng.com\/live\/es\/careers\/\",\"name\":\"\u00danete al equipo de PharmEng | PharmEng Technology\",\"isPartOf\":{\"@id\":\"https:\/\/pharmeng.com\/live\/ca\/#website\"},\"primaryImageOfPage\":{\"@id\":\"https:\/\/pharmeng.com\/live\/es\/careers\/#primaryimage\"},\"image\":{\"@id\":\"https:\/\/pharmeng.com\/live\/es\/careers\/#primaryimage\"},\"thumbnailUrl\":\"https:\/\/pharmeng.com\/live\/wp-content\/uploads\/2018\/12\/chairman-awaiting-this-weeks-potential-business-plans-picture-id820870976.jpg\",\"datePublished\":\"2018-10-04T20:15:21+00:00\",\"dateModified\":\"2019-07-05T18:20:15+00:00\",\"description\":\"We invite you to explore career opportunities at PharmEng Technology if you possess the scientific and\/or engineering skills coupled with the ability to create and communicate innovative and cost-effective solutions.\",\"breadcrumb\":{\"@id\":\"https:\/\/pharmeng.com\/live\/es\/careers\/#breadcrumb\"},\"inLanguage\":\"es\",\"potentialAction\":[{\"@type\":\"ReadAction\",\"target\":[\"https:\/\/pharmeng.com\/live\/es\/careers\/\"]}]},{\"@type\":\"ImageObject\",\"inLanguage\":\"es\",\"@id\":\"https:\/\/pharmeng.com\/live\/es\/careers\/#primaryimage\",\"url\":\"https:\/\/pharmeng.com\/live\/wp-content\/uploads\/2018\/12\/chairman-awaiting-this-weeks-potential-business-plans-picture-id820870976.jpg\",\"contentUrl\":\"https:\/\/pharmeng.com\/live\/wp-content\/uploads\/2018\/12\/chairman-awaiting-this-weeks-potential-business-plans-picture-id820870976.jpg\",\"width\":1920,\"height\":390},{\"@type\":\"BreadcrumbList\",\"@id\":\"https:\/\/pharmeng.com\/live\/es\/careers\/#breadcrumb\",\"itemListElement\":[{\"@type\":\"ListItem\",\"position\":1,\"name\":\"Home\",\"item\":\"https:\/\/pharmeng.com\/live\/es\/\"},{\"@type\":\"ListItem\",\"position\":2,\"name\":\"Oportunidades Profesionales\"}]},{\"@type\":\"WebSite\",\"@id\":\"https:\/\/pharmeng.com\/live\/ca\/#website\",\"url\":\"https:\/\/pharmeng.com\/live\/ca\/\",\"name\":\"PharmEng Technology\",\"description\":\"\",\"publisher\":{\"@id\":\"https:\/\/pharmeng.com\/live\/ca\/#organization\"},\"potentialAction\":[{\"@type\":\"SearchAction\",\"target\":{\"@type\":\"EntryPoint\",\"urlTemplate\":\"https:\/\/pharmeng.com\/live\/ca\/?s={search_term_string}\"},\"query-input\":{\"@type\":\"PropertyValueSpecification\",\"valueRequired\":true,\"valueName\":\"search_term_string\"}}],\"inLanguage\":\"es\"},{\"@type\":\"Organization\",\"@id\":\"https:\/\/pharmeng.com\/live\/ca\/#organization\",\"name\":\"PharmEng Technology\",\"url\":\"https:\/\/pharmeng.com\/live\/ca\/\",\"logo\":{\"@type\":\"ImageObject\",\"inLanguage\":\"es\",\"@id\":\"https:\/\/pharmeng.com\/live\/ca\/#\/schema\/logo\/image\/\",\"url\":\"https:\/\/pharmeng.com\/live\/wp-content\/uploads\/2018\/09\/pe.png\",\"contentUrl\":\"https:\/\/pharmeng.com\/live\/wp-content\/uploads\/2018\/09\/pe.png\",\"width\":148,\"height\":148,\"caption\":\"PharmEng Technology\"},\"image\":{\"@id\":\"https:\/\/pharmeng.com\/live\/ca\/#\/schema\/logo\/image\/\"}}]}<\/script>\n<!-- \/ Yoast SEO plugin. -->","yoast_head_json":{"title":"\u00danete al equipo de PharmEng | PharmEng Technology","description":"We invite you to explore career opportunities at PharmEng Technology if you possess the scientific and\/or engineering skills coupled with the ability to create and communicate innovative and cost-effective solutions.","robots":{"index":"index","follow":"follow","max-snippet":"max-snippet:-1","max-image-preview":"max-image-preview:large","max-video-preview":"max-video-preview:-1"},"canonical":"https:\/\/pharmeng.com\/live\/es\/careers\/","og_locale":"es_ES","og_type":"article","og_title":"\u00danete al equipo de PharmEng | PharmEng Technology","og_description":"We invite you to explore career opportunities at PharmEng Technology if you possess the scientific and\/or engineering skills coupled with the ability to create and communicate innovative and cost-effective solutions.","og_url":"https:\/\/pharmeng.com\/live\/es\/careers\/","og_site_name":"PharmEng Technology","article_modified_time":"2019-07-05T18:20:15+00:00","og_image":[{"width":1920,"height":390,"url":"https:\/\/pharmeng.com\/live\/wp-content\/uploads\/2018\/12\/chairman-awaiting-this-weeks-potential-business-plans-picture-id820870976.jpg","type":"image\/jpeg"}],"twitter_card":"summary_large_image","twitter_misc":{"Tiempo de lectura":"1 minuto"},"schema":{"@context":"https:\/\/schema.org","@graph":[{"@type":"WebPage","@id":"https:\/\/pharmeng.com\/live\/es\/careers\/","url":"https:\/\/pharmeng.com\/live\/es\/careers\/","name":"\u00danete al equipo de PharmEng | PharmEng Technology","isPartOf":{"@id":"https:\/\/pharmeng.com\/live\/ca\/#website"},"primaryImageOfPage":{"@id":"https:\/\/pharmeng.com\/live\/es\/careers\/#primaryimage"},"image":{"@id":"https:\/\/pharmeng.com\/live\/es\/careers\/#primaryimage"},"thumbnailUrl":"https:\/\/pharmeng.com\/live\/wp-content\/uploads\/2018\/12\/chairman-awaiting-this-weeks-potential-business-plans-picture-id820870976.jpg","datePublished":"2018-10-04T20:15:21+00:00","dateModified":"2019-07-05T18:20:15+00:00","description":"We invite you to explore career opportunities at PharmEng Technology if you possess the scientific and\/or engineering skills coupled with the ability to create and communicate innovative and cost-effective solutions.","breadcrumb":{"@id":"https:\/\/pharmeng.com\/live\/es\/careers\/#breadcrumb"},"inLanguage":"es","potentialAction":[{"@type":"ReadAction","target":["https:\/\/pharmeng.com\/live\/es\/careers\/"]}]},{"@type":"ImageObject","inLanguage":"es","@id":"https:\/\/pharmeng.com\/live\/es\/careers\/#primaryimage","url":"https:\/\/pharmeng.com\/live\/wp-content\/uploads\/2018\/12\/chairman-awaiting-this-weeks-potential-business-plans-picture-id820870976.jpg","contentUrl":"https:\/\/pharmeng.com\/live\/wp-content\/uploads\/2018\/12\/chairman-awaiting-this-weeks-potential-business-plans-picture-id820870976.jpg","width":1920,"height":390},{"@type":"BreadcrumbList","@id":"https:\/\/pharmeng.com\/live\/es\/careers\/#breadcrumb","itemListElement":[{"@type":"ListItem","position":1,"name":"Home","item":"https:\/\/pharmeng.com\/live\/es\/"},{"@type":"ListItem","position":2,"name":"Oportunidades Profesionales"}]},{"@type":"WebSite","@id":"https:\/\/pharmeng.com\/live\/ca\/#website","url":"https:\/\/pharmeng.com\/live\/ca\/","name":"PharmEng Technology","description":"","publisher":{"@id":"https:\/\/pharmeng.com\/live\/ca\/#organization"},"potentialAction":[{"@type":"SearchAction","target":{"@type":"EntryPoint","urlTemplate":"https:\/\/pharmeng.com\/live\/ca\/?s={search_term_string}"},"query-input":{"@type":"PropertyValueSpecification","valueRequired":true,"valueName":"search_term_string"}}],"inLanguage":"es"},{"@type":"Organization","@id":"https:\/\/pharmeng.com\/live\/ca\/#organization","name":"PharmEng Technology","url":"https:\/\/pharmeng.com\/live\/ca\/","logo":{"@type":"ImageObject","inLanguage":"es","@id":"https:\/\/pharmeng.com\/live\/ca\/#\/schema\/logo\/image\/","url":"https:\/\/pharmeng.com\/live\/wp-content\/uploads\/2018\/09\/pe.png","contentUrl":"https:\/\/pharmeng.com\/live\/wp-content\/uploads\/2018\/09\/pe.png","width":148,"height":148,"caption":"PharmEng Technology"},"image":{"@id":"https:\/\/pharmeng.com\/live\/ca\/#\/schema\/logo\/image\/"}}]}},"builder_content":"<h4><strong>Unirte al Equipo de PharmEng te proporcionar\u00e1 una enorme cantidad de experiencias y oportunidades.<\/strong><\/h4> <\/p> <p>PharmEng Technology se esfuerza por crear un entorno de trabajo en el que nuestros asesores puedan desarrollarse. Contamos con un equipo de profesionales altamente cualificados a los que apoyamos continuamente a trav\u00e9s de formaci\u00f3n continua y de oportunidades de desarrollo.<\/p> <p>Ofrecemos una excelente oportunidad de crecimiento y desarrollo profesional, y una cultura que se apoya en el trabajo en equipo y en una comunicaci\u00f3n abierta. En PharmEng Technology tendr\u00e1s la oportunidad de aprender y colaborar con los profesionales y l\u00edderes en innovaci\u00f3n de m\u00e1s talento de la industria. Favorecemos el crecimiento de nuestros empleados anim\u00e1ndoles a centrarse en hacer lo que les gusta y lo que mejor se les da. Adem\u00e1s, ofrecemos programas de reembolso para los que deseen desarrollarse profesionalmente.<\/p> <p>Con varios proyectos en marcha en todo el mundo, nuestros asesores a veces tienen que viajar. Conocen gente, visitan lugares nuevos y se benefician de la preciosa experiencia de trabajar en un entorno diferente.<\/p> <p>Valoramos mucho a nuestros trabajadores y ofrecemos salarios y beneficios competitivos. Nuestro paquete de beneficios est\u00e1 gestionado por un proveedor norteamericano l\u00edder en la industria, e incluye cobertura sanitaria, dental, de vida y de invalidez.<\/p>\n<img src=\"https:\/\/pharmeng.com\/wp-content\/uploads\/2018\/12\/colleagues-meeting-in-conference-room-with-glass-doors-picture-id187345650.jpg\" width=\"691\" height=\"892\" title=\"Oportunidades Profesionales\" alt=\"Oportunidades Profesionales\">\n<p class=\\\"btn-de main-btn\\\" style=\\\"text-align: center;\\\"><a style=\\\"text-decoration: none;\\\" href=\\\"http:\/\/careers.pharmeng.com\/\\\">Descubre nuestras oportunidades laborales actuales<\/a><\/p>","_links":{"self":[{"href":"https:\/\/pharmeng.com\/live\/es\/wp-json\/wp\/v2\/pages\/1387","targetHints":{"allow":["GET"]}}],"collection":[{"href":"https:\/\/pharmeng.com\/live\/es\/wp-json\/wp\/v2\/pages"}],"about":[{"href":"https:\/\/pharmeng.com\/live\/es\/wp-json\/wp\/v2\/types\/page"}],"author":[{"embeddable":true,"href":"https:\/\/pharmeng.com\/live\/es\/wp-json\/wp\/v2\/users\/1"}],"replies":[{"embeddable":true,"href":"https:\/\/pharmeng.com\/live\/es\/wp-json\/wp\/v2\/comments?post=1387"}],"version-history":[{"count":8,"href":"https:\/\/pharmeng.com\/live\/es\/wp-json\/wp\/v2\/pages\/1387\/revisions"}],"predecessor-version":[{"id":2681,"href":"https:\/\/pharmeng.com\/live\/es\/wp-json\/wp\/v2\/pages\/1387\/revisions\/2681"}],"wp:featuredmedia":[{"embeddable":true,"href":"https:\/\/pharmeng.com\/live\/es\/wp-json\/wp\/v2\/media\/1389"}],"wp:attachment":[{"href":"https:\/\/pharmeng.com\/live\/es\/wp-json\/wp\/v2\/media?parent=1387"}],"curies":[{"name":"wp","href":"https:\/\/api.w.org\/{rel}","templated":true}]}}