{"id":1339,"date":"2018-10-26T13:15:59","date_gmt":"2018-10-26T17:15:59","guid":{"rendered":"https:\/\/napkin-marketing.com\/dev\/Pharmeng\/industries\/"},"modified":"2019-07-05T14:06:53","modified_gmt":"2019-07-05T18:06:53","slug":"industrias","status":"publish","type":"page","link":"https:\/\/pharmeng.com\/live\/es\/industrias\/","title":{"rendered":"Industrias"},"content":{"rendered":"<p><\/p>\n<!--themify_builder_content-->\n<div id=\"themify_builder_content-1339\" data-postid=\"1339\" class=\"themify_builder_content themify_builder_content-1339 themify_builder tf_clear\">\n                    <div  data-lazy=\"1\" class=\"module_row themify_builder_row tb_8413ef5 tb_first tf_w\">\n                        <div class=\"row_inner col_align_top tb_col_count_1 tf_box tf_rel\">\n                        <div  data-lazy=\"1\" class=\"module_column tb-column col-full tb_3eb1d01 first\">\n                    <!-- module text -->\n<div  class=\"module module-text tb_e837072  repeat \" data-lazy=\"1\">\n        <div  class=\"tb_text_wrap\">\n        <p>PharmEng Technology trabaja con una gran variedad de clientes de las industrias farmac\u00e9utica, biotecnol\u00f3gica y m\u00e9dica. Nuestro objetivo es servir a nuestros clientes de todo el mundo gracias a nuestras destrezas y experiencia. Ayudamos a nuestros clientes a desarrollar procesos que les permitan ofrecer productos y servicios de la mayor calidad.<\/p>\n<p>Gracias a nuestra ayuda, nuestros clientes consiguen cumplir con los requisitos normativos de los organismos locales e internacionales y optimizar sus procesos de producci\u00f3n. Ofrecemos soluciones oportunas y asequibles a nuestros clientes para evitar cualquier retraso u obst\u00e1culo al que puedan enfrentarse.<\/p>\n<p>El sector de la fabricaci\u00f3n de productos sanitarios ha experimentado cambios radicales en la \u00faltima d\u00e9cada, cambios que han tra\u00eddo consigo nuevos requisitos normativos que deben cumplirse. Ayudamos a nuestros clientes no solo a centrarse en el presente, sino tambi\u00e9n a asegurar que su producto o servicio cumpla con cualquier requisito normativo futuro que seamos capaces de prever.<\/p>\n    <\/div>\n<\/div>\n<!-- \/module text -->        <\/div>\n                        <\/div>\n        <\/div>\n        <\/div>\n<!--\/themify_builder_content-->","protected":false},"excerpt":{"rendered":"<p>PharmEng Technology trabaja con una gran variedad de clientes de las industrias farmac\u00e9utica, biotecnol\u00f3gica y m\u00e9dica. Nuestro objetivo es servir a nuestros clientes de todo el mundo gracias a nuestras destrezas y experiencia. Ayudamos a nuestros clientes a desarrollar procesos que les permitan ofrecer productos y servicios de la mayor calidad. Gracias a nuestra ayuda,[&#8230;..] [&#8230;]<\/p>\n<p><a class=\"btn btn-secondary understrap-read-more-link\" href=\"https:\/\/pharmeng.com\/live\/es\/industrias\/\">Leer m\u00e1s&#8230;<\/a><\/p>\n","protected":false},"author":1,"featured_media":1330,"parent":0,"menu_order":0,"comment_status":"closed","ping_status":"closed","template":"page-templates\/industry-page.php","meta":{"_acf_changed":false,"footnotes":""},"class_list":["post-1339","page","type-page","status-publish","has-post-thumbnail","hentry"],"acf":[],"yoast_head":"<!-- This site is optimized with the Yoast SEO plugin v24.2 - https:\/\/yoast.com\/wordpress\/plugins\/seo\/ -->\n<title>Nuestras Industrias | PharmEng Technology<\/title>\n<meta name=\"description\" content=\"PharmEng Technology is confident that we have the solutions you need to operate in the highly regulated pharmaceutical and healthcare products industry. We provide a wide range of onsulting services to the biotechnology, medical device and nutraceutical industry.\" \/>\n<meta name=\"robots\" content=\"index, follow, max-snippet:-1, max-image-preview:large, max-video-preview:-1\" \/>\n<link rel=\"canonical\" href=\"https:\/\/pharmeng.com\/live\/es\/industrias\/\" \/>\n<meta property=\"og:locale\" content=\"es_ES\" \/>\n<meta property=\"og:type\" content=\"article\" \/>\n<meta property=\"og:title\" content=\"Nuestras Industrias | PharmEng Technology\" \/>\n<meta property=\"og:description\" content=\"PharmEng Technology is confident that we have the solutions you need to operate in the highly regulated pharmaceutical and healthcare products industry. We provide a wide range of onsulting services to the biotechnology, medical device and nutraceutical industry.\" \/>\n<meta property=\"og:url\" content=\"https:\/\/pharmeng.com\/live\/es\/industrias\/\" \/>\n<meta property=\"og:site_name\" content=\"PharmEng Technology\" \/>\n<meta property=\"article:modified_time\" content=\"2019-07-05T18:06:53+00:00\" \/>\n<meta property=\"og:image\" content=\"https:\/\/pharmeng.com\/live\/wp-content\/uploads\/2018\/12\/team-of-professionals-in-meeting-at-office-picture-id557608473.jpg\" \/>\n\t<meta property=\"og:image:width\" content=\"1920\" \/>\n\t<meta property=\"og:image:height\" content=\"390\" \/>\n\t<meta property=\"og:image:type\" content=\"image\/jpeg\" \/>\n<meta name=\"twitter:card\" content=\"summary_large_image\" \/>\n<meta name=\"twitter:label1\" content=\"Tiempo de lectura\" \/>\n\t<meta name=\"twitter:data1\" content=\"1 minuto\" \/>\n<script type=\"application\/ld+json\" class=\"yoast-schema-graph\">{\"@context\":\"https:\/\/schema.org\",\"@graph\":[{\"@type\":\"WebPage\",\"@id\":\"https:\/\/pharmeng.com\/live\/es\/industrias\/\",\"url\":\"https:\/\/pharmeng.com\/live\/es\/industrias\/\",\"name\":\"Nuestras Industrias | PharmEng Technology\",\"isPartOf\":{\"@id\":\"https:\/\/pharmeng.com\/live\/ca\/#website\"},\"primaryImageOfPage\":{\"@id\":\"https:\/\/pharmeng.com\/live\/es\/industrias\/#primaryimage\"},\"image\":{\"@id\":\"https:\/\/pharmeng.com\/live\/es\/industrias\/#primaryimage\"},\"thumbnailUrl\":\"https:\/\/pharmeng.com\/live\/wp-content\/uploads\/2018\/12\/team-of-professionals-in-meeting-at-office-picture-id557608473.jpg\",\"datePublished\":\"2018-10-26T17:15:59+00:00\",\"dateModified\":\"2019-07-05T18:06:53+00:00\",\"description\":\"PharmEng Technology is confident that we have the solutions you need to operate in the highly regulated pharmaceutical and healthcare products industry. We provide a wide range of onsulting services to the biotechnology, medical device and nutraceutical industry.\",\"breadcrumb\":{\"@id\":\"https:\/\/pharmeng.com\/live\/es\/industrias\/#breadcrumb\"},\"inLanguage\":\"es\",\"potentialAction\":[{\"@type\":\"ReadAction\",\"target\":[\"https:\/\/pharmeng.com\/live\/es\/industrias\/\"]}]},{\"@type\":\"ImageObject\",\"inLanguage\":\"es\",\"@id\":\"https:\/\/pharmeng.com\/live\/es\/industrias\/#primaryimage\",\"url\":\"https:\/\/pharmeng.com\/live\/wp-content\/uploads\/2018\/12\/team-of-professionals-in-meeting-at-office-picture-id557608473.jpg\",\"contentUrl\":\"https:\/\/pharmeng.com\/live\/wp-content\/uploads\/2018\/12\/team-of-professionals-in-meeting-at-office-picture-id557608473.jpg\",\"width\":1920,\"height\":390},{\"@type\":\"BreadcrumbList\",\"@id\":\"https:\/\/pharmeng.com\/live\/es\/industrias\/#breadcrumb\",\"itemListElement\":[{\"@type\":\"ListItem\",\"position\":1,\"name\":\"Home\",\"item\":\"https:\/\/pharmeng.com\/live\/es\/\"},{\"@type\":\"ListItem\",\"position\":2,\"name\":\"Industrias\"}]},{\"@type\":\"WebSite\",\"@id\":\"https:\/\/pharmeng.com\/live\/ca\/#website\",\"url\":\"https:\/\/pharmeng.com\/live\/ca\/\",\"name\":\"PharmEng Technology\",\"description\":\"\",\"publisher\":{\"@id\":\"https:\/\/pharmeng.com\/live\/ca\/#organization\"},\"potentialAction\":[{\"@type\":\"SearchAction\",\"target\":{\"@type\":\"EntryPoint\",\"urlTemplate\":\"https:\/\/pharmeng.com\/live\/ca\/?s={search_term_string}\"},\"query-input\":{\"@type\":\"PropertyValueSpecification\",\"valueRequired\":true,\"valueName\":\"search_term_string\"}}],\"inLanguage\":\"es\"},{\"@type\":\"Organization\",\"@id\":\"https:\/\/pharmeng.com\/live\/ca\/#organization\",\"name\":\"PharmEng Technology\",\"url\":\"https:\/\/pharmeng.com\/live\/ca\/\",\"logo\":{\"@type\":\"ImageObject\",\"inLanguage\":\"es\",\"@id\":\"https:\/\/pharmeng.com\/live\/ca\/#\/schema\/logo\/image\/\",\"url\":\"https:\/\/pharmeng.com\/live\/wp-content\/uploads\/2018\/09\/pe.png\",\"contentUrl\":\"https:\/\/pharmeng.com\/live\/wp-content\/uploads\/2018\/09\/pe.png\",\"width\":148,\"height\":148,\"caption\":\"PharmEng Technology\"},\"image\":{\"@id\":\"https:\/\/pharmeng.com\/live\/ca\/#\/schema\/logo\/image\/\"}}]}<\/script>\n<!-- \/ Yoast SEO plugin. -->","yoast_head_json":{"title":"Nuestras Industrias | PharmEng Technology","description":"PharmEng Technology is confident that we have the solutions you need to operate in the highly regulated pharmaceutical and healthcare products industry. We provide a wide range of onsulting services to the biotechnology, medical device and nutraceutical industry.","robots":{"index":"index","follow":"follow","max-snippet":"max-snippet:-1","max-image-preview":"max-image-preview:large","max-video-preview":"max-video-preview:-1"},"canonical":"https:\/\/pharmeng.com\/live\/es\/industrias\/","og_locale":"es_ES","og_type":"article","og_title":"Nuestras Industrias | PharmEng Technology","og_description":"PharmEng Technology is confident that we have the solutions you need to operate in the highly regulated pharmaceutical and healthcare products industry. We provide a wide range of onsulting services to the biotechnology, medical device and nutraceutical industry.","og_url":"https:\/\/pharmeng.com\/live\/es\/industrias\/","og_site_name":"PharmEng Technology","article_modified_time":"2019-07-05T18:06:53+00:00","og_image":[{"width":1920,"height":390,"url":"https:\/\/pharmeng.com\/live\/wp-content\/uploads\/2018\/12\/team-of-professionals-in-meeting-at-office-picture-id557608473.jpg","type":"image\/jpeg"}],"twitter_card":"summary_large_image","twitter_misc":{"Tiempo de lectura":"1 minuto"},"schema":{"@context":"https:\/\/schema.org","@graph":[{"@type":"WebPage","@id":"https:\/\/pharmeng.com\/live\/es\/industrias\/","url":"https:\/\/pharmeng.com\/live\/es\/industrias\/","name":"Nuestras Industrias | PharmEng Technology","isPartOf":{"@id":"https:\/\/pharmeng.com\/live\/ca\/#website"},"primaryImageOfPage":{"@id":"https:\/\/pharmeng.com\/live\/es\/industrias\/#primaryimage"},"image":{"@id":"https:\/\/pharmeng.com\/live\/es\/industrias\/#primaryimage"},"thumbnailUrl":"https:\/\/pharmeng.com\/live\/wp-content\/uploads\/2018\/12\/team-of-professionals-in-meeting-at-office-picture-id557608473.jpg","datePublished":"2018-10-26T17:15:59+00:00","dateModified":"2019-07-05T18:06:53+00:00","description":"PharmEng Technology is confident that we have the solutions you need to operate in the highly regulated pharmaceutical and healthcare products industry. We provide a wide range of onsulting services to the biotechnology, medical device and nutraceutical industry.","breadcrumb":{"@id":"https:\/\/pharmeng.com\/live\/es\/industrias\/#breadcrumb"},"inLanguage":"es","potentialAction":[{"@type":"ReadAction","target":["https:\/\/pharmeng.com\/live\/es\/industrias\/"]}]},{"@type":"ImageObject","inLanguage":"es","@id":"https:\/\/pharmeng.com\/live\/es\/industrias\/#primaryimage","url":"https:\/\/pharmeng.com\/live\/wp-content\/uploads\/2018\/12\/team-of-professionals-in-meeting-at-office-picture-id557608473.jpg","contentUrl":"https:\/\/pharmeng.com\/live\/wp-content\/uploads\/2018\/12\/team-of-professionals-in-meeting-at-office-picture-id557608473.jpg","width":1920,"height":390},{"@type":"BreadcrumbList","@id":"https:\/\/pharmeng.com\/live\/es\/industrias\/#breadcrumb","itemListElement":[{"@type":"ListItem","position":1,"name":"Home","item":"https:\/\/pharmeng.com\/live\/es\/"},{"@type":"ListItem","position":2,"name":"Industrias"}]},{"@type":"WebSite","@id":"https:\/\/pharmeng.com\/live\/ca\/#website","url":"https:\/\/pharmeng.com\/live\/ca\/","name":"PharmEng Technology","description":"","publisher":{"@id":"https:\/\/pharmeng.com\/live\/ca\/#organization"},"potentialAction":[{"@type":"SearchAction","target":{"@type":"EntryPoint","urlTemplate":"https:\/\/pharmeng.com\/live\/ca\/?s={search_term_string}"},"query-input":{"@type":"PropertyValueSpecification","valueRequired":true,"valueName":"search_term_string"}}],"inLanguage":"es"},{"@type":"Organization","@id":"https:\/\/pharmeng.com\/live\/ca\/#organization","name":"PharmEng Technology","url":"https:\/\/pharmeng.com\/live\/ca\/","logo":{"@type":"ImageObject","inLanguage":"es","@id":"https:\/\/pharmeng.com\/live\/ca\/#\/schema\/logo\/image\/","url":"https:\/\/pharmeng.com\/live\/wp-content\/uploads\/2018\/09\/pe.png","contentUrl":"https:\/\/pharmeng.com\/live\/wp-content\/uploads\/2018\/09\/pe.png","width":148,"height":148,"caption":"PharmEng Technology"},"image":{"@id":"https:\/\/pharmeng.com\/live\/ca\/#\/schema\/logo\/image\/"}}]}},"builder_content":"<p>PharmEng Technology trabaja con una gran variedad de clientes de las industrias farmac\u00e9utica, biotecnol\u00f3gica y m\u00e9dica. Nuestro objetivo es servir a nuestros clientes de todo el mundo gracias a nuestras destrezas y experiencia. Ayudamos a nuestros clientes a desarrollar procesos que les permitan ofrecer productos y servicios de la mayor calidad.<\/p> <p>Gracias a nuestra ayuda, nuestros clientes consiguen cumplir con los requisitos normativos de los organismos locales e internacionales y optimizar sus procesos de producci\u00f3n. Ofrecemos soluciones oportunas y asequibles a nuestros clientes para evitar cualquier retraso u obst\u00e1culo al que puedan enfrentarse.<\/p> <p>El sector de la fabricaci\u00f3n de productos sanitarios ha experimentado cambios radicales en la \u00faltima d\u00e9cada, cambios que han tra\u00eddo consigo nuevos requisitos normativos que deben cumplirse. Ayudamos a nuestros clientes no solo a centrarse en el presente, sino tambi\u00e9n a asegurar que su producto o servicio cumpla con cualquier requisito normativo futuro que seamos capaces de prever.<\/p>","_links":{"self":[{"href":"https:\/\/pharmeng.com\/live\/es\/wp-json\/wp\/v2\/pages\/1339","targetHints":{"allow":["GET"]}}],"collection":[{"href":"https:\/\/pharmeng.com\/live\/es\/wp-json\/wp\/v2\/pages"}],"about":[{"href":"https:\/\/pharmeng.com\/live\/es\/wp-json\/wp\/v2\/types\/page"}],"author":[{"embeddable":true,"href":"https:\/\/pharmeng.com\/live\/es\/wp-json\/wp\/v2\/users\/1"}],"replies":[{"embeddable":true,"href":"https:\/\/pharmeng.com\/live\/es\/wp-json\/wp\/v2\/comments?post=1339"}],"version-history":[{"count":8,"href":"https:\/\/pharmeng.com\/live\/es\/wp-json\/wp\/v2\/pages\/1339\/revisions"}],"predecessor-version":[{"id":1478,"href":"https:\/\/pharmeng.com\/live\/es\/wp-json\/wp\/v2\/pages\/1339\/revisions\/1478"}],"wp:featuredmedia":[{"embeddable":true,"href":"https:\/\/pharmeng.com\/live\/es\/wp-json\/wp\/v2\/media\/1330"}],"wp:attachment":[{"href":"https:\/\/pharmeng.com\/live\/es\/wp-json\/wp\/v2\/media?parent=1339"}],"curies":[{"name":"wp","href":"https:\/\/api.w.org\/{rel}","templated":true}]}}