{"id":2513,"date":"2018-10-26T13:15:59","date_gmt":"2018-10-26T17:15:59","guid":{"rendered":"https:\/\/napkin-marketing.com\/dev\/Pharmeng\/industrias\/"},"modified":"2019-07-05T14:07:31","modified_gmt":"2019-07-05T18:07:31","slug":"sectors","status":"publish","type":"page","link":"https:\/\/pharmeng.com\/live\/ca\/sectors\/","title":{"rendered":"Sectors"},"content":{"rendered":"<p><\/p>\n<!--themify_builder_content-->\n<div id=\"themify_builder_content-2513\" data-postid=\"2513\" class=\"themify_builder_content themify_builder_content-2513 themify_builder tf_clear\">\n                    <div  data-lazy=\"1\" class=\"module_row themify_builder_row tb_8413ef5 tb_first tf_w\">\n                        <div class=\"row_inner col_align_top tb_col_count_1 tf_box tf_rel\">\n                        <div  data-lazy=\"1\" class=\"module_column tb-column col-full tb_3eb1d01 first\">\n                    <!-- module text -->\n<div  class=\"module module-text tb_e837072  repeat \" data-lazy=\"1\">\n        <div  class=\"tb_text_wrap\">\n        <p>PharmEng Technology treballa amb una gran diversitat de clients de la ind\u00fastria farmac\u00e8utica, la biotecnologia i els dispositius m\u00e8dics. Volem complir el nostre objectiu de donar suport als nostres clients arreu del planeta mitjan\u00e7ant el nostre conjunt espec\u00edfic d\\&#8217;habilitats i la nostra experi\u00e8ncia. Ajudem els nostres clients a desenvolupar processos que garanteixin que els seus productes i serveis s\\&#8217;ofereixen amb els est\u00e0ndards m\u00e9s elevats.<\/p>\n<p>Amb la nostra ajuda, els nostres clients poden complir els requisits normatius d\\&#8217;organismes tant locals com internacionals i optimitzar els seus processos de producci\u00f3. Oferim solucions oportunes i rendibles als nostres clients per preveure qualsevol retard o obstacle al qual s\\&#8217;hagin d\\&#8217;enfrontar.<\/p>\n<p>Durant l\\&#8217;\u00faltima d\u00e8cada, el sector de la fabricaci\u00f3 de productes sanitaris s\\&#8217;ha vist afectat per canvis radicals. Amb aquests canvis, hi ha noves condicions normatives que cal complir. No nom\u00e9s ajudem els nostres clients a centrar-se en el present, sin\u00f3 que tamb\u00e9 ens assegurem que els seus productes o serveis tamb\u00e9 compleixin qualsevol normativa futura que siguem capa\u00e7os de preveure.<\/p>\n    <\/div>\n<\/div>\n<!-- \/module text -->        <\/div>\n                        <\/div>\n        <\/div>\n        <\/div>\n<!--\/themify_builder_content-->","protected":false},"excerpt":{"rendered":"<p>PharmEng Technology treballa amb una gran diversitat de clients de la ind\u00fastria farmac\u00e8utica, la biotecnologia i els dispositius m\u00e8dics. Volem complir el nostre objectiu de donar suport als nostres clients arreu del planeta mitjan\u00e7ant el nostre conjunt espec\u00edfic d&#8217;habilitats i la nostra experi\u00e8ncia. Ajudem els nostres clients a desenvolupar processos que garanteixin que els seus[&#8230;..] [&#8230;]<\/p>\n<p><a class=\"btn btn-secondary understrap-read-more-link\" href=\"https:\/\/pharmeng.com\/live\/ca\/sectors\/\">Read More&#8230;<\/a><\/p>\n","protected":false},"author":1,"featured_media":2153,"parent":0,"menu_order":0,"comment_status":"closed","ping_status":"closed","template":"page-templates\/industry-page.php","meta":{"_acf_changed":false,"footnotes":""},"class_list":["post-2513","page","type-page","status-publish","has-post-thumbnail","hentry"],"acf":[],"yoast_head":"<!-- This site is optimized with the Yoast SEO plugin v24.2 - https:\/\/yoast.com\/wordpress\/plugins\/seo\/ -->\n<title>Les nostres sectors | PharmEng Technology<\/title>\n<meta name=\"description\" content=\"PharmEng Technology is confident that we have the solutions you need to operate in the highly regulated pharmaceutical and healthcare products industry. We provide a wide range of onsulting services to the biotechnology, medical device and nutraceutical industry.\" \/>\n<meta name=\"robots\" content=\"index, follow, max-snippet:-1, max-image-preview:large, max-video-preview:-1\" \/>\n<link rel=\"canonical\" href=\"https:\/\/pharmeng.com\/live\/ca\/sectors\/\" \/>\n<meta property=\"og:locale\" content=\"ca_ES\" \/>\n<meta property=\"og:type\" content=\"article\" \/>\n<meta property=\"og:title\" content=\"Les nostres sectors | PharmEng Technology\" \/>\n<meta property=\"og:description\" content=\"PharmEng Technology is confident that we have the solutions you need to operate in the highly regulated pharmaceutical and healthcare products industry. We provide a wide range of onsulting services to the biotechnology, medical device and nutraceutical industry.\" \/>\n<meta property=\"og:url\" content=\"https:\/\/pharmeng.com\/live\/ca\/sectors\/\" \/>\n<meta property=\"og:site_name\" content=\"PharmEng Technology\" \/>\n<meta property=\"article:modified_time\" content=\"2019-07-05T18:07:31+00:00\" \/>\n<meta property=\"og:image\" content=\"https:\/\/pharmeng.com\/live\/wp-content\/uploads\/2018\/12\/team-of-professionals-in-meeting-at-office-picture-id557608473.jpg\" \/>\n\t<meta property=\"og:image:width\" content=\"1920\" \/>\n\t<meta property=\"og:image:height\" content=\"390\" \/>\n\t<meta property=\"og:image:type\" content=\"image\/jpeg\" \/>\n<meta name=\"twitter:card\" content=\"summary_large_image\" \/>\n<meta name=\"twitter:label1\" content=\"Temps estimat de lectura\" \/>\n\t<meta name=\"twitter:data1\" content=\"1 minut\" \/>\n<script type=\"application\/ld+json\" class=\"yoast-schema-graph\">{\"@context\":\"https:\/\/schema.org\",\"@graph\":[{\"@type\":\"WebPage\",\"@id\":\"https:\/\/pharmeng.com\/live\/ca\/sectors\/\",\"url\":\"https:\/\/pharmeng.com\/live\/ca\/sectors\/\",\"name\":\"Les nostres sectors | PharmEng Technology\",\"isPartOf\":{\"@id\":\"https:\/\/pharmeng.com\/live\/ca\/#website\"},\"primaryImageOfPage\":{\"@id\":\"https:\/\/pharmeng.com\/live\/ca\/sectors\/#primaryimage\"},\"image\":{\"@id\":\"https:\/\/pharmeng.com\/live\/ca\/sectors\/#primaryimage\"},\"thumbnailUrl\":\"https:\/\/pharmeng.com\/live\/wp-content\/uploads\/2018\/12\/team-of-professionals-in-meeting-at-office-picture-id557608473.jpg\",\"datePublished\":\"2018-10-26T17:15:59+00:00\",\"dateModified\":\"2019-07-05T18:07:31+00:00\",\"description\":\"PharmEng Technology is confident that we have the solutions you need to operate in the highly regulated pharmaceutical and healthcare products industry. We provide a wide range of onsulting services to the biotechnology, medical device and nutraceutical industry.\",\"breadcrumb\":{\"@id\":\"https:\/\/pharmeng.com\/live\/ca\/sectors\/#breadcrumb\"},\"inLanguage\":\"ca\",\"potentialAction\":[{\"@type\":\"ReadAction\",\"target\":[\"https:\/\/pharmeng.com\/live\/ca\/sectors\/\"]}]},{\"@type\":\"ImageObject\",\"inLanguage\":\"ca\",\"@id\":\"https:\/\/pharmeng.com\/live\/ca\/sectors\/#primaryimage\",\"url\":\"https:\/\/pharmeng.com\/live\/wp-content\/uploads\/2018\/12\/team-of-professionals-in-meeting-at-office-picture-id557608473.jpg\",\"contentUrl\":\"https:\/\/pharmeng.com\/live\/wp-content\/uploads\/2018\/12\/team-of-professionals-in-meeting-at-office-picture-id557608473.jpg\",\"width\":1920,\"height\":390},{\"@type\":\"BreadcrumbList\",\"@id\":\"https:\/\/pharmeng.com\/live\/ca\/sectors\/#breadcrumb\",\"itemListElement\":[{\"@type\":\"ListItem\",\"position\":1,\"name\":\"Home\",\"item\":\"https:\/\/pharmeng.com\/live\/ca\/\"},{\"@type\":\"ListItem\",\"position\":2,\"name\":\"Sectors\"}]},{\"@type\":\"WebSite\",\"@id\":\"https:\/\/pharmeng.com\/live\/ca\/#website\",\"url\":\"https:\/\/pharmeng.com\/live\/ca\/\",\"name\":\"PharmEng Technology\",\"description\":\"\",\"publisher\":{\"@id\":\"https:\/\/pharmeng.com\/live\/ca\/#organization\"},\"potentialAction\":[{\"@type\":\"SearchAction\",\"target\":{\"@type\":\"EntryPoint\",\"urlTemplate\":\"https:\/\/pharmeng.com\/live\/ca\/?s={search_term_string}\"},\"query-input\":{\"@type\":\"PropertyValueSpecification\",\"valueRequired\":true,\"valueName\":\"search_term_string\"}}],\"inLanguage\":\"ca\"},{\"@type\":\"Organization\",\"@id\":\"https:\/\/pharmeng.com\/live\/ca\/#organization\",\"name\":\"PharmEng Technology\",\"url\":\"https:\/\/pharmeng.com\/live\/ca\/\",\"logo\":{\"@type\":\"ImageObject\",\"inLanguage\":\"ca\",\"@id\":\"https:\/\/pharmeng.com\/live\/ca\/#\/schema\/logo\/image\/\",\"url\":\"https:\/\/pharmeng.com\/live\/wp-content\/uploads\/2018\/09\/pe.png\",\"contentUrl\":\"https:\/\/pharmeng.com\/live\/wp-content\/uploads\/2018\/09\/pe.png\",\"width\":148,\"height\":148,\"caption\":\"PharmEng Technology\"},\"image\":{\"@id\":\"https:\/\/pharmeng.com\/live\/ca\/#\/schema\/logo\/image\/\"}}]}<\/script>\n<!-- \/ Yoast SEO plugin. -->","yoast_head_json":{"title":"Les nostres sectors | PharmEng Technology","description":"PharmEng Technology is confident that we have the solutions you need to operate in the highly regulated pharmaceutical and healthcare products industry. We provide a wide range of onsulting services to the biotechnology, medical device and nutraceutical industry.","robots":{"index":"index","follow":"follow","max-snippet":"max-snippet:-1","max-image-preview":"max-image-preview:large","max-video-preview":"max-video-preview:-1"},"canonical":"https:\/\/pharmeng.com\/live\/ca\/sectors\/","og_locale":"ca_ES","og_type":"article","og_title":"Les nostres sectors | PharmEng Technology","og_description":"PharmEng Technology is confident that we have the solutions you need to operate in the highly regulated pharmaceutical and healthcare products industry. We provide a wide range of onsulting services to the biotechnology, medical device and nutraceutical industry.","og_url":"https:\/\/pharmeng.com\/live\/ca\/sectors\/","og_site_name":"PharmEng Technology","article_modified_time":"2019-07-05T18:07:31+00:00","og_image":[{"width":1920,"height":390,"url":"https:\/\/pharmeng.com\/live\/wp-content\/uploads\/2018\/12\/team-of-professionals-in-meeting-at-office-picture-id557608473.jpg","type":"image\/jpeg"}],"twitter_card":"summary_large_image","twitter_misc":{"Temps estimat de lectura":"1 minut"},"schema":{"@context":"https:\/\/schema.org","@graph":[{"@type":"WebPage","@id":"https:\/\/pharmeng.com\/live\/ca\/sectors\/","url":"https:\/\/pharmeng.com\/live\/ca\/sectors\/","name":"Les nostres sectors | PharmEng Technology","isPartOf":{"@id":"https:\/\/pharmeng.com\/live\/ca\/#website"},"primaryImageOfPage":{"@id":"https:\/\/pharmeng.com\/live\/ca\/sectors\/#primaryimage"},"image":{"@id":"https:\/\/pharmeng.com\/live\/ca\/sectors\/#primaryimage"},"thumbnailUrl":"https:\/\/pharmeng.com\/live\/wp-content\/uploads\/2018\/12\/team-of-professionals-in-meeting-at-office-picture-id557608473.jpg","datePublished":"2018-10-26T17:15:59+00:00","dateModified":"2019-07-05T18:07:31+00:00","description":"PharmEng Technology is confident that we have the solutions you need to operate in the highly regulated pharmaceutical and healthcare products industry. We provide a wide range of onsulting services to the biotechnology, medical device and nutraceutical industry.","breadcrumb":{"@id":"https:\/\/pharmeng.com\/live\/ca\/sectors\/#breadcrumb"},"inLanguage":"ca","potentialAction":[{"@type":"ReadAction","target":["https:\/\/pharmeng.com\/live\/ca\/sectors\/"]}]},{"@type":"ImageObject","inLanguage":"ca","@id":"https:\/\/pharmeng.com\/live\/ca\/sectors\/#primaryimage","url":"https:\/\/pharmeng.com\/live\/wp-content\/uploads\/2018\/12\/team-of-professionals-in-meeting-at-office-picture-id557608473.jpg","contentUrl":"https:\/\/pharmeng.com\/live\/wp-content\/uploads\/2018\/12\/team-of-professionals-in-meeting-at-office-picture-id557608473.jpg","width":1920,"height":390},{"@type":"BreadcrumbList","@id":"https:\/\/pharmeng.com\/live\/ca\/sectors\/#breadcrumb","itemListElement":[{"@type":"ListItem","position":1,"name":"Home","item":"https:\/\/pharmeng.com\/live\/ca\/"},{"@type":"ListItem","position":2,"name":"Sectors"}]},{"@type":"WebSite","@id":"https:\/\/pharmeng.com\/live\/ca\/#website","url":"https:\/\/pharmeng.com\/live\/ca\/","name":"PharmEng Technology","description":"","publisher":{"@id":"https:\/\/pharmeng.com\/live\/ca\/#organization"},"potentialAction":[{"@type":"SearchAction","target":{"@type":"EntryPoint","urlTemplate":"https:\/\/pharmeng.com\/live\/ca\/?s={search_term_string}"},"query-input":{"@type":"PropertyValueSpecification","valueRequired":true,"valueName":"search_term_string"}}],"inLanguage":"ca"},{"@type":"Organization","@id":"https:\/\/pharmeng.com\/live\/ca\/#organization","name":"PharmEng Technology","url":"https:\/\/pharmeng.com\/live\/ca\/","logo":{"@type":"ImageObject","inLanguage":"ca","@id":"https:\/\/pharmeng.com\/live\/ca\/#\/schema\/logo\/image\/","url":"https:\/\/pharmeng.com\/live\/wp-content\/uploads\/2018\/09\/pe.png","contentUrl":"https:\/\/pharmeng.com\/live\/wp-content\/uploads\/2018\/09\/pe.png","width":148,"height":148,"caption":"PharmEng Technology"},"image":{"@id":"https:\/\/pharmeng.com\/live\/ca\/#\/schema\/logo\/image\/"}}]}},"builder_content":"<p>PharmEng Technology treballa amb una gran diversitat de clients de la ind\u00fastria farmac\u00e8utica, la biotecnologia i els dispositius m\u00e8dics. Volem complir el nostre objectiu de donar suport als nostres clients arreu del planeta mitjan\u00e7ant el nostre conjunt espec\u00edfic d\\'habilitats i la nostra experi\u00e8ncia. Ajudem els nostres clients a desenvolupar processos que garanteixin que els seus productes i serveis s\\'ofereixen amb els est\u00e0ndards m\u00e9s elevats.<\/p> <p>Amb la nostra ajuda, els nostres clients poden complir els requisits normatius d\\'organismes tant locals com internacionals i optimitzar els seus processos de producci\u00f3. Oferim solucions oportunes i rendibles als nostres clients per preveure qualsevol retard o obstacle al qual s\\'hagin d\\'enfrontar.<\/p> <p>Durant l\\'\u00faltima d\u00e8cada, el sector de la fabricaci\u00f3 de productes sanitaris s\\'ha vist afectat per canvis radicals. Amb aquests canvis, hi ha noves condicions normatives que cal complir. No nom\u00e9s ajudem els nostres clients a centrar-se en el present, sin\u00f3 que tamb\u00e9 ens assegurem que els seus productes o serveis tamb\u00e9 compleixin qualsevol normativa futura que siguem capa\u00e7os de preveure.<\/p>","_links":{"self":[{"href":"https:\/\/pharmeng.com\/live\/ca\/wp-json\/wp\/v2\/pages\/2513","targetHints":{"allow":["GET"]}}],"collection":[{"href":"https:\/\/pharmeng.com\/live\/ca\/wp-json\/wp\/v2\/pages"}],"about":[{"href":"https:\/\/pharmeng.com\/live\/ca\/wp-json\/wp\/v2\/types\/page"}],"author":[{"embeddable":true,"href":"https:\/\/pharmeng.com\/live\/ca\/wp-json\/wp\/v2\/users\/1"}],"replies":[{"embeddable":true,"href":"https:\/\/pharmeng.com\/live\/ca\/wp-json\/wp\/v2\/comments?post=2513"}],"version-history":[{"count":5,"href":"https:\/\/pharmeng.com\/live\/ca\/wp-json\/wp\/v2\/pages\/2513\/revisions"}],"predecessor-version":[{"id":2565,"href":"https:\/\/pharmeng.com\/live\/ca\/wp-json\/wp\/v2\/pages\/2513\/revisions\/2565"}],"wp:featuredmedia":[{"embeddable":true,"href":"https:\/\/pharmeng.com\/live\/ca\/wp-json\/wp\/v2\/media\/2153"}],"wp:attachment":[{"href":"https:\/\/pharmeng.com\/live\/ca\/wp-json\/wp\/v2\/media?parent=2513"}],"curies":[{"name":"wp","href":"https:\/\/api.w.org\/{rel}","templated":true}]}}