{"id":2172,"date":"2018-10-04T16:15:21","date_gmt":"2018-10-04T20:15:21","guid":{"rendered":"https:\/\/napkin-marketing.com\/dev\/Pharmeng\/careers\/"},"modified":"2019-07-05T15:30:40","modified_gmt":"2019-07-05T19:30:40","slug":"feina","status":"publish","type":"page","link":"https:\/\/pharmeng.com\/live\/ca\/feina\/","title":{"rendered":"Feina"},"content":{"rendered":"<p><\/p>\n<p>&nbsp;<\/p>\n<!--themify_builder_content-->\n<div id=\"themify_builder_content-2172\" data-postid=\"2172\" class=\"themify_builder_content themify_builder_content-2172 themify_builder tf_clear\">\n                    <div  data-css_id=\"e8a70ce\" data-lazy=\"1\" class=\"module_row themify_builder_row fullwidth_row_container tb_e8a70ce tb_first tf_w\">\n                        <div class=\"row_inner gutter-narrow col_align_top tb_col_count_2 tf_box tf_rel\">\n                        <div  data-lazy=\"1\" class=\"module_column tb-column col4-2 tb_4224b83 first\">\n                    <!-- module text -->\n<div  class=\"module module-text tb_43b02ac  repeat \" data-lazy=\"1\">\n        <div  class=\"tb_text_wrap\">\n        <h4><strong>Si us uniu a l\\&#8217;equip de PharmEng, obtindreu una gran quantitat d\\&#8217;experi\u00e8ncies i oportunitats.<\/strong><\/h4>\n<p>PharmEng Technology est\u00e0 compromesa a crear un ambient laboral en qu\u00e8 els nostres consultors puguin cr\u00e9ixer. Tenim un equip de professionals altament qualificats als quals donem suport permanentment mitjan\u00e7ant una formaci\u00f3 continuada i oportunitats de desenvolupament.<\/p>\n<p>Oferim un creixement laboral emocionant, desenvolupament professional i una cultura basada en el treball en equip i la comunicaci\u00f3 oberta. A PharmEng Technology tindreu l\\&#8217;oportunitat d\\&#8217;aprendre, col\u00b7laborar amb professionals de gran talent i l\u00edders innovadors de la ind\u00fastria. Promovem el creixement dels nostres treballadors motivant-los a centrar-se a fer all\u00f2 que estimen i que fan millor. A m\u00e9s a m\u00e9s, oferim programes de reembossament als treballadors que es vulguin desenvolupar professionalment.<\/p>\n<p>Com que tenim diversos projectes arreu del m\u00f3n, els nostres consultors de vegades han de viatjar. D\\&#8217;aquesta manera poden con\u00e8ixer gent nova, veure nous entorns i obtenir experi\u00e8ncies molt valuoses treballant en un altre ambient.<\/p>\n<p>Valorem enormement els nostres treballadors, i per aix\u00f2 els oferim sous competitius i prestacions. El nostre paquet de prestacions est\u00e0 administrat per un prove\u00efdor l\u00edder del sector a Am\u00e8rica del Nord i inclou asseguran\u00e7a de salut, dental, de vida i de discapacitat.<\/p>\n    <\/div>\n<\/div>\n<!-- \/module text -->        <\/div>\n                    <div  data-lazy=\"1\" class=\"module_column tb-column col4-2 tb_ecd4270 last\">\n                    <!-- module image -->\n<div  class=\"module module-image tb_b0597bc image-center drop-shadow  auto_fullwidth tf_mw wow\" data-tf-animation=\"fadeInRight\" data-lazy=\"1\">\n        <div class=\"image-wrap tf_rel tf_mw\">\n            <img loading=\"lazy\" decoding=\"async\" src=\"https:\/\/pharmeng.com\/wp-content\/uploads\/2018\/12\/colleagues-meeting-in-conference-room-with-glass-doors-picture-id187345650.jpg\" width=\"691\" height=\"892\" title=\"Feina\" alt=\"Feina\">    \n        <\/div>\n    <!-- \/image-wrap -->\n    \n        <\/div>\n<!-- \/module image -->        <\/div>\n                        <\/div>\n        <\/div>\n                        <div  data-lazy=\"1\" class=\"module_row themify_builder_row tb_92757e7 tf_w\">\n                        <div class=\"row_inner col_align_top tb_col_count_1 tf_box tf_rel\">\n                        <div  data-lazy=\"1\" class=\"module_column tb-column col-full tb_f224822 first\">\n                            <div  data-lazy=\"1\" class=\"module_subrow themify_builder_sub_row tf_w col_align_top tb_col_count_3 tb_576cd89\">\n                <div  data-lazy=\"1\" class=\"module_column sub_column col3-1 tb_1e78c32 first\">\n                            <\/div>\n                    <div  data-lazy=\"1\" class=\"module_column sub_column col3-1 tb_6991b64\">\n                    <!-- module text -->\n<div  class=\"module module-text tb_1519565  repeat \" data-lazy=\"1\">\n        <div  class=\"tb_text_wrap\">\n        <div>\n<p class=\\\"btn-de main-btn\\\" style=\\\"text-align: center;\\\"><a style=\\\"text-decoration: none;\\\" href=\\\"http:\/\/careers.pharmeng.com\/\\\">Consulteu les nostres oportunitats laborals actuals<\/a><\/p>\n<\/div>\n    <\/div>\n<\/div>\n<!-- \/module text -->        <\/div>\n                    <div  data-lazy=\"1\" class=\"module_column sub_column col3-1 tb_cc31617 last\">\n                            <\/div>\n                    <\/div>\n                <div  data-lazy=\"1\" class=\"module_subrow themify_builder_sub_row tf_w col_align_top tb_col_count_1 tb_f3c40f9\">\n                <div  data-lazy=\"1\" class=\"module_column sub_column col-full tb_11748b7 first\">\n                            <\/div>\n                    <\/div>\n                <\/div>\n                        <\/div>\n        <\/div>\n                        <div  data-lazy=\"1\" class=\"module_row themify_builder_row tb_c9an815 tf_w hide-desktop\">\n                        <div class=\"row_inner col_align_top tb_col_count_1 tf_box tf_rel\">\n                        <div  data-lazy=\"1\" class=\"module_column tb-column col-full tb_ezzm820 first\">\n                            <\/div>\n                        <\/div>\n        <\/div>\n        <\/div>\n<!--\/themify_builder_content-->","protected":false},"excerpt":{"rendered":"<p>&nbsp; Si us uniu a l&#8217;equip de PharmEng, obtindreu una gran quantitat d&#8217;experi\u00e8ncies i oportunitats. PharmEng Technology est\u00e0 compromesa a crear un ambient laboral en qu\u00e8 els nostres consultors puguin cr\u00e9ixer. Tenim un equip de professionals altament qualificats als quals donem suport permanentment mitjan\u00e7ant una formaci\u00f3 continuada i oportunitats de desenvolupament. Oferim un creixement laboral[&#8230;..] [&#8230;]<\/p>\n<p><a class=\"btn btn-secondary understrap-read-more-link\" href=\"https:\/\/pharmeng.com\/live\/ca\/feina\/\">Read More&#8230;<\/a><\/p>\n","protected":false},"author":1,"featured_media":2174,"parent":0,"menu_order":0,"comment_status":"closed","ping_status":"closed","template":"page-templates\/empty.php","meta":{"_acf_changed":false,"footnotes":""},"class_list":["post-2172","page","type-page","status-publish","has-post-thumbnail","hentry"],"acf":[],"yoast_head":"<!-- This site is optimized with the Yoast SEO plugin v24.2 - https:\/\/yoast.com\/wordpress\/plugins\/seo\/ -->\n<title>Uneix-te a l\u2019equip de PharmEng | PharmEng Technology<\/title>\n<meta name=\"description\" content=\"We invite you to explore career opportunities at PharmEng Technology if you possess the scientific and\/or engineering skills coupled with the ability to create and communicate innovative and cost-effective solutions.\" \/>\n<meta name=\"robots\" content=\"index, follow, max-snippet:-1, max-image-preview:large, max-video-preview:-1\" \/>\n<link rel=\"canonical\" href=\"https:\/\/pharmeng.com\/live\/ca\/feina\/\" \/>\n<meta property=\"og:locale\" content=\"ca_ES\" \/>\n<meta property=\"og:type\" content=\"article\" \/>\n<meta property=\"og:title\" content=\"Uneix-te a l\u2019equip de PharmEng | PharmEng Technology\" \/>\n<meta property=\"og:description\" content=\"We invite you to explore career opportunities at PharmEng Technology if you possess the scientific and\/or engineering skills coupled with the ability to create and communicate innovative and cost-effective solutions.\" \/>\n<meta property=\"og:url\" content=\"https:\/\/pharmeng.com\/live\/ca\/feina\/\" \/>\n<meta property=\"og:site_name\" content=\"PharmEng Technology\" \/>\n<meta property=\"article:modified_time\" content=\"2019-07-05T19:30:40+00:00\" \/>\n<meta property=\"og:image\" content=\"https:\/\/pharmeng.com\/live\/wp-content\/uploads\/2018\/12\/chairman-awaiting-this-weeks-potential-business-plans-picture-id820870976.jpg\" \/>\n\t<meta property=\"og:image:width\" content=\"1920\" \/>\n\t<meta property=\"og:image:height\" content=\"390\" \/>\n\t<meta property=\"og:image:type\" content=\"image\/jpeg\" \/>\n<meta name=\"twitter:card\" content=\"summary_large_image\" \/>\n<meta name=\"twitter:label1\" content=\"Temps estimat de lectura\" \/>\n\t<meta name=\"twitter:data1\" content=\"1 minut\" \/>\n<script type=\"application\/ld+json\" class=\"yoast-schema-graph\">{\"@context\":\"https:\/\/schema.org\",\"@graph\":[{\"@type\":\"WebPage\",\"@id\":\"https:\/\/pharmeng.com\/live\/ca\/feina\/\",\"url\":\"https:\/\/pharmeng.com\/live\/ca\/feina\/\",\"name\":\"Uneix-te a l\u2019equip de PharmEng | PharmEng Technology\",\"isPartOf\":{\"@id\":\"https:\/\/pharmeng.com\/live\/ca\/#website\"},\"primaryImageOfPage\":{\"@id\":\"https:\/\/pharmeng.com\/live\/ca\/feina\/#primaryimage\"},\"image\":{\"@id\":\"https:\/\/pharmeng.com\/live\/ca\/feina\/#primaryimage\"},\"thumbnailUrl\":\"https:\/\/pharmeng.com\/live\/wp-content\/uploads\/2018\/12\/chairman-awaiting-this-weeks-potential-business-plans-picture-id820870976.jpg\",\"datePublished\":\"2018-10-04T20:15:21+00:00\",\"dateModified\":\"2019-07-05T19:30:40+00:00\",\"description\":\"We invite you to explore career opportunities at PharmEng Technology if you possess the scientific and\/or engineering skills coupled with the ability to create and communicate innovative and cost-effective solutions.\",\"breadcrumb\":{\"@id\":\"https:\/\/pharmeng.com\/live\/ca\/feina\/#breadcrumb\"},\"inLanguage\":\"ca\",\"potentialAction\":[{\"@type\":\"ReadAction\",\"target\":[\"https:\/\/pharmeng.com\/live\/ca\/feina\/\"]}]},{\"@type\":\"ImageObject\",\"inLanguage\":\"ca\",\"@id\":\"https:\/\/pharmeng.com\/live\/ca\/feina\/#primaryimage\",\"url\":\"https:\/\/pharmeng.com\/live\/wp-content\/uploads\/2018\/12\/chairman-awaiting-this-weeks-potential-business-plans-picture-id820870976.jpg\",\"contentUrl\":\"https:\/\/pharmeng.com\/live\/wp-content\/uploads\/2018\/12\/chairman-awaiting-this-weeks-potential-business-plans-picture-id820870976.jpg\",\"width\":1920,\"height\":390},{\"@type\":\"BreadcrumbList\",\"@id\":\"https:\/\/pharmeng.com\/live\/ca\/feina\/#breadcrumb\",\"itemListElement\":[{\"@type\":\"ListItem\",\"position\":1,\"name\":\"Home\",\"item\":\"https:\/\/pharmeng.com\/live\/ca\/\"},{\"@type\":\"ListItem\",\"position\":2,\"name\":\"Feina\"}]},{\"@type\":\"WebSite\",\"@id\":\"https:\/\/pharmeng.com\/live\/ca\/#website\",\"url\":\"https:\/\/pharmeng.com\/live\/ca\/\",\"name\":\"PharmEng Technology\",\"description\":\"\",\"publisher\":{\"@id\":\"https:\/\/pharmeng.com\/live\/ca\/#organization\"},\"potentialAction\":[{\"@type\":\"SearchAction\",\"target\":{\"@type\":\"EntryPoint\",\"urlTemplate\":\"https:\/\/pharmeng.com\/live\/ca\/?s={search_term_string}\"},\"query-input\":{\"@type\":\"PropertyValueSpecification\",\"valueRequired\":true,\"valueName\":\"search_term_string\"}}],\"inLanguage\":\"ca\"},{\"@type\":\"Organization\",\"@id\":\"https:\/\/pharmeng.com\/live\/ca\/#organization\",\"name\":\"PharmEng Technology\",\"url\":\"https:\/\/pharmeng.com\/live\/ca\/\",\"logo\":{\"@type\":\"ImageObject\",\"inLanguage\":\"ca\",\"@id\":\"https:\/\/pharmeng.com\/live\/ca\/#\/schema\/logo\/image\/\",\"url\":\"https:\/\/pharmeng.com\/live\/wp-content\/uploads\/2018\/09\/pe.png\",\"contentUrl\":\"https:\/\/pharmeng.com\/live\/wp-content\/uploads\/2018\/09\/pe.png\",\"width\":148,\"height\":148,\"caption\":\"PharmEng Technology\"},\"image\":{\"@id\":\"https:\/\/pharmeng.com\/live\/ca\/#\/schema\/logo\/image\/\"}}]}<\/script>\n<!-- \/ Yoast SEO plugin. -->","yoast_head_json":{"title":"Uneix-te a l\u2019equip de PharmEng | PharmEng Technology","description":"We invite you to explore career opportunities at PharmEng Technology if you possess the scientific and\/or engineering skills coupled with the ability to create and communicate innovative and cost-effective solutions.","robots":{"index":"index","follow":"follow","max-snippet":"max-snippet:-1","max-image-preview":"max-image-preview:large","max-video-preview":"max-video-preview:-1"},"canonical":"https:\/\/pharmeng.com\/live\/ca\/feina\/","og_locale":"ca_ES","og_type":"article","og_title":"Uneix-te a l\u2019equip de PharmEng | PharmEng Technology","og_description":"We invite you to explore career opportunities at PharmEng Technology if you possess the scientific and\/or engineering skills coupled with the ability to create and communicate innovative and cost-effective solutions.","og_url":"https:\/\/pharmeng.com\/live\/ca\/feina\/","og_site_name":"PharmEng Technology","article_modified_time":"2019-07-05T19:30:40+00:00","og_image":[{"width":1920,"height":390,"url":"https:\/\/pharmeng.com\/live\/wp-content\/uploads\/2018\/12\/chairman-awaiting-this-weeks-potential-business-plans-picture-id820870976.jpg","type":"image\/jpeg"}],"twitter_card":"summary_large_image","twitter_misc":{"Temps estimat de lectura":"1 minut"},"schema":{"@context":"https:\/\/schema.org","@graph":[{"@type":"WebPage","@id":"https:\/\/pharmeng.com\/live\/ca\/feina\/","url":"https:\/\/pharmeng.com\/live\/ca\/feina\/","name":"Uneix-te a l\u2019equip de PharmEng | PharmEng Technology","isPartOf":{"@id":"https:\/\/pharmeng.com\/live\/ca\/#website"},"primaryImageOfPage":{"@id":"https:\/\/pharmeng.com\/live\/ca\/feina\/#primaryimage"},"image":{"@id":"https:\/\/pharmeng.com\/live\/ca\/feina\/#primaryimage"},"thumbnailUrl":"https:\/\/pharmeng.com\/live\/wp-content\/uploads\/2018\/12\/chairman-awaiting-this-weeks-potential-business-plans-picture-id820870976.jpg","datePublished":"2018-10-04T20:15:21+00:00","dateModified":"2019-07-05T19:30:40+00:00","description":"We invite you to explore career opportunities at PharmEng Technology if you possess the scientific and\/or engineering skills coupled with the ability to create and communicate innovative and cost-effective solutions.","breadcrumb":{"@id":"https:\/\/pharmeng.com\/live\/ca\/feina\/#breadcrumb"},"inLanguage":"ca","potentialAction":[{"@type":"ReadAction","target":["https:\/\/pharmeng.com\/live\/ca\/feina\/"]}]},{"@type":"ImageObject","inLanguage":"ca","@id":"https:\/\/pharmeng.com\/live\/ca\/feina\/#primaryimage","url":"https:\/\/pharmeng.com\/live\/wp-content\/uploads\/2018\/12\/chairman-awaiting-this-weeks-potential-business-plans-picture-id820870976.jpg","contentUrl":"https:\/\/pharmeng.com\/live\/wp-content\/uploads\/2018\/12\/chairman-awaiting-this-weeks-potential-business-plans-picture-id820870976.jpg","width":1920,"height":390},{"@type":"BreadcrumbList","@id":"https:\/\/pharmeng.com\/live\/ca\/feina\/#breadcrumb","itemListElement":[{"@type":"ListItem","position":1,"name":"Home","item":"https:\/\/pharmeng.com\/live\/ca\/"},{"@type":"ListItem","position":2,"name":"Feina"}]},{"@type":"WebSite","@id":"https:\/\/pharmeng.com\/live\/ca\/#website","url":"https:\/\/pharmeng.com\/live\/ca\/","name":"PharmEng Technology","description":"","publisher":{"@id":"https:\/\/pharmeng.com\/live\/ca\/#organization"},"potentialAction":[{"@type":"SearchAction","target":{"@type":"EntryPoint","urlTemplate":"https:\/\/pharmeng.com\/live\/ca\/?s={search_term_string}"},"query-input":{"@type":"PropertyValueSpecification","valueRequired":true,"valueName":"search_term_string"}}],"inLanguage":"ca"},{"@type":"Organization","@id":"https:\/\/pharmeng.com\/live\/ca\/#organization","name":"PharmEng Technology","url":"https:\/\/pharmeng.com\/live\/ca\/","logo":{"@type":"ImageObject","inLanguage":"ca","@id":"https:\/\/pharmeng.com\/live\/ca\/#\/schema\/logo\/image\/","url":"https:\/\/pharmeng.com\/live\/wp-content\/uploads\/2018\/09\/pe.png","contentUrl":"https:\/\/pharmeng.com\/live\/wp-content\/uploads\/2018\/09\/pe.png","width":148,"height":148,"caption":"PharmEng Technology"},"image":{"@id":"https:\/\/pharmeng.com\/live\/ca\/#\/schema\/logo\/image\/"}}]}},"builder_content":"<h4><strong>Si us uniu a l\\'equip de PharmEng, obtindreu una gran quantitat d\\'experi\u00e8ncies i oportunitats.<\/strong><\/h4> <p>PharmEng Technology est\u00e0 compromesa a crear un ambient laboral en qu\u00e8 els nostres consultors puguin cr\u00e9ixer. Tenim un equip de professionals altament qualificats als quals donem suport permanentment mitjan\u00e7ant una formaci\u00f3 continuada i oportunitats de desenvolupament.<\/p> <p>Oferim un creixement laboral emocionant, desenvolupament professional i una cultura basada en el treball en equip i la comunicaci\u00f3 oberta. A PharmEng Technology tindreu l\\'oportunitat d\\'aprendre, col\u00b7laborar amb professionals de gran talent i l\u00edders innovadors de la ind\u00fastria. Promovem el creixement dels nostres treballadors motivant-los a centrar-se a fer all\u00f2 que estimen i que fan millor. A m\u00e9s a m\u00e9s, oferim programes de reembossament als treballadors que es vulguin desenvolupar professionalment.<\/p> <p>Com que tenim diversos projectes arreu del m\u00f3n, els nostres consultors de vegades han de viatjar. D\\'aquesta manera poden con\u00e8ixer gent nova, veure nous entorns i obtenir experi\u00e8ncies molt valuoses treballant en un altre ambient.<\/p> <p>Valorem enormement els nostres treballadors, i per aix\u00f2 els oferim sous competitius i prestacions. El nostre paquet de prestacions est\u00e0 administrat per un prove\u00efdor l\u00edder del sector a Am\u00e8rica del Nord i inclou asseguran\u00e7a de salut, dental, de vida i de discapacitat.<\/p>\n<img src=\"https:\/\/pharmeng.com\/wp-content\/uploads\/2018\/12\/colleagues-meeting-in-conference-room-with-glass-doors-picture-id187345650.jpg\" width=\"691\" height=\"892\" title=\"Feina\" alt=\"Feina\">\n<p class=\\\"btn-de main-btn\\\" style=\\\"text-align: center;\\\"><a style=\\\"text-decoration: none;\\\" href=\\\"http:\/\/careers.pharmeng.com\/\\\">Consulteu les nostres oportunitats laborals actuals<\/a><\/p>","_links":{"self":[{"href":"https:\/\/pharmeng.com\/live\/ca\/wp-json\/wp\/v2\/pages\/2172","targetHints":{"allow":["GET"]}}],"collection":[{"href":"https:\/\/pharmeng.com\/live\/ca\/wp-json\/wp\/v2\/pages"}],"about":[{"href":"https:\/\/pharmeng.com\/live\/ca\/wp-json\/wp\/v2\/types\/page"}],"author":[{"embeddable":true,"href":"https:\/\/pharmeng.com\/live\/ca\/wp-json\/wp\/v2\/users\/1"}],"replies":[{"embeddable":true,"href":"https:\/\/pharmeng.com\/live\/ca\/wp-json\/wp\/v2\/comments?post=2172"}],"version-history":[{"count":10,"href":"https:\/\/pharmeng.com\/live\/ca\/wp-json\/wp\/v2\/pages\/2172\/revisions"}],"predecessor-version":[{"id":2698,"href":"https:\/\/pharmeng.com\/live\/ca\/wp-json\/wp\/v2\/pages\/2172\/revisions\/2698"}],"wp:featuredmedia":[{"embeddable":true,"href":"https:\/\/pharmeng.com\/live\/ca\/wp-json\/wp\/v2\/media\/2174"}],"wp:attachment":[{"href":"https:\/\/pharmeng.com\/live\/ca\/wp-json\/wp\/v2\/media?parent=2172"}],"curies":[{"name":"wp","href":"https:\/\/api.w.org\/{rel}","templated":true}]}}